{"id":4469,"date":"2024-12-02T18:57:16","date_gmt":"2024-12-02T17:57:16","guid":{"rendered":"https:\/\/studiocar.es\/contacte\/"},"modified":"2026-03-30T22:24:15","modified_gmt":"2026-03-30T20:24:15","slug":"contacte","status":"publish","type":"page","link":"https:\/\/studiocar.es\/ca\/contacte\/","title":{"rendered":"Contacte"},"content":{"rendered":"\t\t<div data-elementor-type=\"wp-page\" data-elementor-id=\"4469\" class=\"elementor elementor-4469 elementor-44\" data-elementor-post-type=\"page\">\n\t\t\t\t<div class=\"elementor-element elementor-element-af13c9e e-con-full e-flex e-con e-parent\" data-id=\"af13c9e\" data-element_type=\"container\" data-settings=\"{&quot;jet_parallax_layout_list&quot;:[]}\">\n\t\t<div class=\"elementor-element elementor-element-2833c78 e-flex e-con-boxed e-con e-child\" data-id=\"2833c78\" data-element_type=\"container\" data-settings=\"{&quot;background_background&quot;:&quot;classic&quot;,&quot;jet_parallax_layout_list&quot;:[]}\">\n\t\t\t\t\t<div class=\"e-con-inner\">\n\t\t<div class=\"elementor-element elementor-element-f0f3073 e-flex e-con-boxed e-con e-child\" data-id=\"f0f3073\" data-element_type=\"container\" data-settings=\"{&quot;jet_parallax_layout_list&quot;:[]}\">\n\t\t\t\t\t<div class=\"e-con-inner\">\n\t\t\t\t<div class=\"elementor-element elementor-element-9c9e8c8 elementor-widget elementor-widget-heading\" data-id=\"9c9e8c8\" data-element_type=\"widget\" data-widget_type=\"heading.default\">\n\t\t\t\t<div class=\"elementor-widget-container\">\n\t\t\t\t\t<h3 class=\"elementor-heading-title elementor-size-default\">Studio Car<\/h3>\t\t\t\t<\/div>\n\t\t\t\t<\/div>\n\t\t\t\t<div class=\"elementor-element elementor-element-a5e7a79 elementor-widget elementor-widget-spacer\" data-id=\"a5e7a79\" data-element_type=\"widget\" data-widget_type=\"spacer.default\">\n\t\t\t\t<div class=\"elementor-widget-container\">\n\t\t\t\t\t\t\t<div class=\"elementor-spacer\">\n\t\t\t<div class=\"elementor-spacer-inner\"><\/div>\n\t\t<\/div>\n\t\t\t\t\t\t<\/div>\n\t\t\t\t<\/div>\n\t\t\t\t<div class=\"elementor-element elementor-element-61d6dab elementor-widget__width-initial elementor-widget-mobile__width-inherit elementor-widget elementor-widget-heading\" data-id=\"61d6dab\" data-element_type=\"widget\" data-widget_type=\"heading.default\">\n\t\t\t\t<div class=\"elementor-widget-container\">\n\t\t\t\t\t<h1 class=\"elementor-heading-title elementor-size-default\">Cont\u00e0ctans<\/h1>\t\t\t\t<\/div>\n\t\t\t\t<\/div>\n\t\t\t\t\t<\/div>\n\t\t\t\t<\/div>\n\t\t\t\t\t<\/div>\n\t\t\t\t<\/div>\n\t\t\t\t<\/div>\n\t\t<div class=\"elementor-element elementor-element-50ea930 e-flex e-con-boxed e-con e-child\" data-id=\"50ea930\" data-element_type=\"container\" data-settings=\"{&quot;background_background&quot;:&quot;classic&quot;,&quot;jet_parallax_layout_list&quot;:[]}\">\n\t\t\t\t\t<div class=\"e-con-inner\">\n\t\t<div class=\"elementor-element elementor-element-1124fde e-con-full e-flex e-con e-child\" data-id=\"1124fde\" data-element_type=\"container\" data-settings=\"{&quot;jet_parallax_layout_list&quot;:[]}\">\n\t\t\t\t<div class=\"elementor-element elementor-element-b27ca7e elementor-widget elementor-widget-spacer\" data-id=\"b27ca7e\" data-element_type=\"widget\" data-widget_type=\"spacer.default\">\n\t\t\t\t<div class=\"elementor-widget-container\">\n\t\t\t\t\t\t\t<div class=\"elementor-spacer\">\n\t\t\t<div class=\"elementor-spacer-inner\"><\/div>\n\t\t<\/div>\n\t\t\t\t\t\t<\/div>\n\t\t\t\t<\/div>\n\t\t\t\t<div class=\"elementor-element elementor-element-33df4f2 elementor-widget-mobile__width-inherit elementor-widget elementor-widget-heading\" data-id=\"33df4f2\" data-element_type=\"widget\" data-widget_type=\"heading.default\">\n\t\t\t\t<div class=\"elementor-widget-container\">\n\t\t\t\t\t<h1 class=\"elementor-heading-title elementor-size-default\">Visita StudioCar.es i D\u00f3na-li a Tu\nCoche la Cura que es Mereix<\/h1>\t\t\t\t<\/div>\n\t\t\t\t<\/div>\n\t\t\t\t<div class=\"elementor-element elementor-element-b0d1ea6 elementor-widget elementor-widget-text-editor\" data-id=\"b0d1ea6\" data-element_type=\"widget\" data-widget_type=\"text-editor.default\">\n\t\t\t\t<div class=\"elementor-widget-container\">\n\t\t\t\t\t\t\t\t\tNo esperis m\u00e9s per transformar i protegir el teu cotxe de luxe o esportiu. Deixeu-vos un missatge amb les teves consultes o reserva una cita ara. Fes clic a &#8220;Com Arribar&#8221; per visitar-nos des de Barcelona i descobreix com StudioCar.es pot portar l&#8217;aparen\u00e7a i protecci\u00f3 del teu vehicle al seg\u00fcent nivell.\t\t\t\t\t\t\t\t<\/div>\n\t\t\t\t<\/div>\n\t\t\t\t<div class=\"elementor-element elementor-element-29e6a55 elementor-widget elementor-widget-spacer\" data-id=\"29e6a55\" data-element_type=\"widget\" data-widget_type=\"spacer.default\">\n\t\t\t\t<div class=\"elementor-widget-container\">\n\t\t\t\t\t\t\t<div class=\"elementor-spacer\">\n\t\t\t<div class=\"elementor-spacer-inner\"><\/div>\n\t\t<\/div>\n\t\t\t\t\t\t<\/div>\n\t\t\t\t<\/div>\n\t\t\t\t<div class=\"elementor-element elementor-element-24ebfd7 elementor-widget elementor-widget-heading\" data-id=\"24ebfd7\" data-element_type=\"widget\" data-widget_type=\"heading.default\">\n\t\t\t\t<div class=\"elementor-widget-container\">\n\t\t\t\t\t<h3 class=\"elementor-heading-title elementor-size-default\">El teu cotxe mereix el millor, t'esperem per fer-lo realitat!<\/h3>\t\t\t\t<\/div>\n\t\t\t\t<\/div>\n\t\t\t\t<div class=\"elementor-element elementor-element-05d6361 elementor-widget elementor-widget-spacer\" data-id=\"05d6361\" data-element_type=\"widget\" data-widget_type=\"spacer.default\">\n\t\t\t\t<div class=\"elementor-widget-container\">\n\t\t\t\t\t\t\t<div class=\"elementor-spacer\">\n\t\t\t<div class=\"elementor-spacer-inner\"><\/div>\n\t\t<\/div>\n\t\t\t\t\t\t<\/div>\n\t\t\t\t<\/div>\n\t\t\t\t<div class=\"elementor-element elementor-element-a99d88a e-grid-align-left e-grid-align-mobile-center elementor-shape-circle elementor-grid-0 elementor-widget elementor-widget-social-icons\" data-id=\"a99d88a\" data-element_type=\"widget\" data-widget_type=\"social-icons.default\">\n\t\t\t\t<div class=\"elementor-widget-container\">\n\t\t\t\t\t\t\t<div class=\"elementor-social-icons-wrapper elementor-grid\" role=\"list\">\n\t\t\t\t\t\t\t<span class=\"elementor-grid-item\" role=\"listitem\">\n\t\t\t\t\t<a class=\"elementor-icon elementor-social-icon elementor-social-icon-tiktok elementor-repeater-item-1c3d274\" href=\"https:\/\/www.tiktok.com\/@studiocarsolution?_t=ZN-8tT4hS0D0Le&#038;_r=1\" target=\"_blank\" rel=\"noopener\">\n\t\t\t\t\t\t<span class=\"elementor-screen-only\">Tiktok<\/span>\n\t\t\t\t\t\t<svg class=\"e-font-icon-svg e-fab-tiktok\" viewBox=\"0 0 448 512\" xmlns=\"http:\/\/www.w3.org\/2000\/svg\"><path d=\"M448,209.91a210.06,210.06,0,0,1-122.77-39.25V349.38A162.55,162.55,0,1,1,185,188.31V278.2a74.62,74.62,0,1,0,52.23,71.18V0l88,0a121.18,121.18,0,0,0,1.86,22.17h0A122.18,122.18,0,0,0,381,102.39a121.43,121.43,0,0,0,67,20.14Z\"><\/path><\/svg>\t\t\t\t\t<\/a>\n\t\t\t\t<\/span>\n\t\t\t\t\t\t\t<span class=\"elementor-grid-item\" role=\"listitem\">\n\t\t\t\t\t<a class=\"elementor-icon elementor-social-icon elementor-social-icon-instagram elementor-repeater-item-f369864\" href=\"https:\/\/www.instagram.com\/studio_car_bcn_20\/\" target=\"_blank\" rel=\"noopener\">\n\t\t\t\t\t\t<span class=\"elementor-screen-only\">Instagram<\/span>\n\t\t\t\t\t\t<svg class=\"e-font-icon-svg e-fab-instagram\" viewBox=\"0 0 448 512\" xmlns=\"http:\/\/www.w3.org\/2000\/svg\"><path d=\"M224.1 141c-63.6 0-114.9 51.3-114.9 114.9s51.3 114.9 114.9 114.9S339 319.5 339 255.9 287.7 141 224.1 141zm0 189.6c-41.1 0-74.7-33.5-74.7-74.7s33.5-74.7 74.7-74.7 74.7 33.5 74.7 74.7-33.6 74.7-74.7 74.7zm146.4-194.3c0 14.9-12 26.8-26.8 26.8-14.9 0-26.8-12-26.8-26.8s12-26.8 26.8-26.8 26.8 12 26.8 26.8zm76.1 27.2c-1.7-35.9-9.9-67.7-36.2-93.9-26.2-26.2-58-34.4-93.9-36.2-37-2.1-147.9-2.1-184.9 0-35.8 1.7-67.6 9.9-93.9 36.1s-34.4 58-36.2 93.9c-2.1 37-2.1 147.9 0 184.9 1.7 35.9 9.9 67.7 36.2 93.9s58 34.4 93.9 36.2c37 2.1 147.9 2.1 184.9 0 35.9-1.7 67.7-9.9 93.9-36.2 26.2-26.2 34.4-58 36.2-93.9 2.1-37 2.1-147.8 0-184.8zM398.8 388c-7.8 19.6-22.9 34.7-42.6 42.6-29.5 11.7-99.5 9-132.1 9s-102.7 2.6-132.1-9c-19.6-7.8-34.7-22.9-42.6-42.6-11.7-29.5-9-99.5-9-132.1s-2.6-102.7 9-132.1c7.8-19.6 22.9-34.7 42.6-42.6 29.5-11.7 99.5-9 132.1-9s102.7-2.6 132.1 9c19.6 7.8 34.7 22.9 42.6 42.6 11.7 29.5 9 99.5 9 132.1s2.7 102.7-9 132.1z\"><\/path><\/svg>\t\t\t\t\t<\/a>\n\t\t\t\t<\/span>\n\t\t\t\t\t<\/div>\n\t\t\t\t\t\t<\/div>\n\t\t\t\t<\/div>\n\t\t\t\t<\/div>\n\t\t<div class=\"elementor-element elementor-element-3e99b63 e-con-full e-flex e-con e-child\" data-id=\"3e99b63\" data-element_type=\"container\" data-settings=\"{&quot;jet_parallax_layout_list&quot;:[]}\">\n\t\t\t\t<div class=\"elementor-element elementor-element-df605f1 elementor-widget elementor-widget-shortcode\" data-id=\"df605f1\" data-element_type=\"widget\" data-widget_type=\"shortcode.default\">\n\t\t\t\t<div class=\"elementor-widget-container\">\n\t\t\t\t\t\t\t<div class=\"elementor-shortcode\">                    <style>\n                \/* Estilos personalizados heredados del formulario ID 2 *\/\n                .cm-form-container {\r\n    max-width: 500px; \/* Un poco m\u00e1s estrecho para que sea compacto *\/\r\n    margin: 10px auto; \/* Menos espacio arriba y abajo *\/\r\n    padding: 10px;    \/* Reducimos el aire interno del contenedor *\/\r\n    background: #fff;\r\n    border: none;      \/* Quitamos bordes del contenedor *\/\r\n    border-radius: 0;  \/* Bordes rectos *\/\r\n    box-shadow: none;  \/* Quitamos la sombra que genera volumen *\/\r\n}\r\n\r\n\/* Agrupamos las etiquetas para controlar su espacio *\/\r\n.cm-form-container label {\r\n    display: block;\r\n    font-weight: bold;\r\n    font-size: 14px;\r\n    margin-bottom: 5px; \/* Espacio m\u00ednimo entre etiqueta e input *\/\r\n    color: #333;\r\n}\r\n\r\n\/* Estilo para los campos *\/\r\n.cm-form-container input[type=\"text\"],\r\n.cm-form-container input[type=\"tel\"],\r\n.cm-form-container input[type=\"email\"],\r\n.cm-form-container select,\r\n.cm-form-container textarea {\r\n    width: 100%;\r\n    margin-bottom: 12px; \/* Reducimos la distancia entre un campo y el siguiente *\/\r\n    padding: 10px;       \/* Relleno interno m\u00e1s ajustado *\/\r\n    border: 1px solid #000; \/* Borde negro fino como la foto *\/\r\n    border-radius: 0;    \/* Sin redondeado *\/\r\n    box-sizing: border-box;\r\n    font-size: 15px;\r\n}\r\n\r\n\/* El cuadro de seguridad (captcha) suele ocupar mucho espacio, lo ajustamos *\/\r\n.cm-form-container .verificacion-seguridad {\r\n    padding: 10px;\r\n    margin-bottom: 15px;\r\n    background: #f9f9f9;\r\n    border: 1px solid #eee;\r\n    display: flex;\r\n    align-items: center;\r\n    gap: 10px;\r\n}\r\n\r\n\/* Bot\u00f3n pegado a los campos *\/\r\n.cm-form-container button {\r\n    width: 100%;\r\n    background-color: #ff1a2d;\r\n    color: white;\r\n    border: none;\r\n    padding: 14px;\r\n    font-weight: bold;\r\n    text-transform: uppercase;\r\n    cursor: pointer;\r\n    border-radius: 0;\r\n}            <\/style>\n        \n        <div class=\"cm-form-shell\" style=\"--cm-form-accent: #c61016; --cm-form-bg: #ffffff; --cm-form-field-bg: #ffffff; --cm-form-border: #4b4b4b; --cm-form-field-border-width: 1px; --cm-form-label: #0f172a; --cm-form-text: #0f172a; --cm-form-button-bg: #ed1c24; --cm-form-button-text: #ffffff; --cm-form-button-hover-bg: #183d31; --cm-form-button-hover-text: #ffffff; --cm-form-max-width: 960px; --cm-form-padding: 16px; --cm-form-radius: 4px; --cm-form-button-radius: 14px; --cm-form-shadow: none; --cm-form-gap: 12px; --cm-form-label-size: 13px; --cm-form-input-padding-y: 10px; --cm-form-input-padding-x: 16px; --cm-form-textarea-height: 150px; --cm-form-button-padding-y: 15px; --cm-form-button-padding-x: 24px; --cm-form-terms-border-width: 1px; --cm-form-terms-gap: 12px\">\n            <div class=\"cm-form-container cm-button-align-left\" id=\"cm-form-2\" style=\"--cm-form-accent: #c61016; --cm-form-bg: #ffffff; --cm-form-field-bg: #ffffff; --cm-form-border: #4b4b4b; --cm-form-field-border-width: 1px; --cm-form-label: #0f172a; --cm-form-text: #0f172a; --cm-form-button-bg: #ed1c24; --cm-form-button-text: #ffffff; --cm-form-button-hover-bg: #183d31; --cm-form-button-hover-text: #ffffff; --cm-form-max-width: 960px; --cm-form-padding: 16px; --cm-form-radius: 4px; --cm-form-button-radius: 14px; --cm-form-shadow: none; --cm-form-gap: 12px; --cm-form-label-size: 13px; --cm-form-input-padding-y: 10px; --cm-form-input-padding-x: 16px; --cm-form-textarea-height: 150px; --cm-form-button-padding-y: 15px; --cm-form-button-padding-x: 24px; --cm-form-terms-border-width: 1px; --cm-form-terms-gap: 12px\">\n                <form class=\"cm-dynamic-form\" data-id=\"2\" data-action=\"redirect\" data-redirect=\"https:\/\/studiocar.es\/ca\/gracies\/\">\n                    <input type=\"hidden\" id=\"nonce\" name=\"nonce\" value=\"03069f7faa\" \/><input type=\"hidden\" name=\"_wp_http_referer\" value=\"\/ca\/wp-json\/wp\/v2\/pages\/4469\" \/>                    <input type=\"hidden\" name=\"id_form\" value=\"2\">\n                    <input type=\"hidden\" name=\"cm_page_url\" value=\"https:\/\/studiocar.es\/ca\/wp-json\/wp\/v2\/pages\/4469\">\n                    <input type=\"hidden\" name=\"cm_page_id\" value=\"0\">\n\n                    <div style=\"display:none !important;\" aria-hidden=\"true\">\n                        <label>Si eres humano, deja este campo vac\u00edo<\/label>\n                        <input type=\"text\" name=\"hp_field\" value=\"\" tabindex=\"-1\" autocomplete=\"off\">\n                    <\/div>\n\n                    <input type=\"hidden\" name=\"cm_form_ts\" id=\"cm_form_ts_2\" value=\"\">\n\n                    \n                    <div class=\"cm-form-fields\">\n                                                            <div class=\"cm-form-item cm-field-width-full\">\n                                <div class=\"cm-form-group\">\n                                                <input\n                            type=\"text\"\n                            name=\"field_name\"\n                            id=\"field_name_2_0\"\n                            aria-label=\"Nom Complet\"\n                            placeholder=\"Nom Complet\"\n                            value=\"\"\n                            required>\n                                            <\/div>\n                            <\/div>\n                                                                    <div class=\"cm-form-item cm-field-width-full\">\n                                <div class=\"cm-form-group\">\n                                                <input\n                            type=\"email\"\n                            name=\"field_email\"\n                            id=\"field_email_2_1\"\n                            aria-label=\"Correu Electr\u00f2nic\"\n                            placeholder=\"Correu Electr\u00f2nic\"\n                            value=\"\"\n                            required>\n                                            <\/div>\n                            <\/div>\n                                                                    <div class=\"cm-form-item cm-field-width-full\">\n                                <div class=\"cm-form-group\">\n                                                <input\n                            type=\"tel\"\n                            name=\"field_phone\"\n                            id=\"field_phone_2_2\"\n                            aria-label=\"N\u00famero de WhatsApp\"\n                            placeholder=\"N\u00famero de WhatsApp\"\n                            value=\"\"\n                            required>\n                                            <\/div>\n                            <\/div>\n                                                                    <div class=\"cm-form-item cm-field-width-full\">\n                                <div class=\"cm-form-group\">\n                                                <select\n                            name=\"field_services\"\n                            id=\"field_services_2_3\"\n                            aria-label=\"Serveis d&#039;inter\u00e8s\"\n                            required>\n                            <option value=\"\"  selected='selected'>Serveis d&#039;inter\u00e8s<\/option>\n                                                            <option value=\"Paint Protection Film (PPF)\" >Paint Protection Film (PPF)<\/option>\n                                                            <option value=\"Car Wrapping\" >Car Wrapping<\/option>\n                                                            <option value=\"Detailing Automotriz\" >Detailing Automotriz<\/option>\n                                                            <option value=\"Cer\u00e1mico\" >Cer\u00e1mico<\/option>\n                                                    <\/select>\n                                            <\/div>\n                            <\/div>\n                                                                    <div class=\"cm-form-item cm-field-width-full\">\n                                <div class=\"cm-form-group\">\n                                                <textarea\n                            name=\"field_comment\"\n                            id=\"field_comment_2_4\"\n                            aria-label=\"Comentari\"\n                            placeholder=\"Comentari\"\n                            required><\/textarea>\n                                            <\/div>\n                            <\/div>\n                                                                    <div class=\"cm-form-item cm-field-width-full\">\n                                <div class=\"cm-form-group cm-form-group--terms\">\n                        <div class=\"cm-terms-row\">\n                            <label class=\"cm-choice-item cm-choice-item--terms\" for=\"terms_conditions_2_5\">\n                                <input\n                                    type=\"checkbox\"\n                                    name=\"terms_conditions\"\n                                    id=\"terms_conditions_2_5\"\n                                    aria-label=\"Accepto els termes i condicions\"\n                                    value=\"accepted\"\n                                    required>\n                                <span>\n                                    Accepto els termes i condicions                                    <span class=\"required\">*<\/span>                                <\/span>\n                            <\/label>\n                                                    <\/div>\n                                            <\/div>\n                            <\/div>\n                                                    <\/div>\n\n                    <div class=\"cm-captcha-card\">\n                        <label for=\"cm_captcha_2\">\n                            <strong>Verificaci\u00f3n de Seguridad:<\/strong> \u00bfCu\u00e1nto es 3 + 6? <span class=\"required\">*<\/span>\n                        <\/label>\n                        <input type=\"number\" id=\"cm_captcha_2\" name=\"cm_captcha_answer\" placeholder=\"Respuesta\" required autocomplete=\"off\">\n                        <input type=\"hidden\" name=\"cm_captcha_token\" value=\"571c52ff-af9f-411f-b267-1c20c262f677\">\n                    <\/div>\n\n                    <div class=\"cm-form-footer\">\n                        <button type=\"submit\" class=\"cm-submit-btn\">Enviar Missatge<\/button>\n                        <div class=\"cm-form-message\" style=\"display:none;\"><\/div>\n                    <\/div>\n                <\/form>\n            <\/div>\n        <\/div>\n        <\/div>\n\t\t\t\t\t\t<\/div>\n\t\t\t\t<\/div>\n\t\t\t\t<\/div>\n\t\t\t\t\t<\/div>\n\t\t\t\t<\/div>\n\t\t<div class=\"elementor-element elementor-element-01a1cf1 e-con-full e-flex e-con e-parent\" data-id=\"01a1cf1\" data-element_type=\"container\" data-settings=\"{&quot;jet_parallax_layout_list&quot;:[]}\">\n\t\t<div class=\"elementor-element elementor-element-956cf96 e-con-full e-flex e-con e-child\" data-id=\"956cf96\" data-element_type=\"container\" data-settings=\"{&quot;background_background&quot;:&quot;classic&quot;,&quot;jet_parallax_layout_list&quot;:[]}\">\n\t\t<div class=\"elementor-element elementor-element-786f994 e-flex e-con-boxed e-con e-child\" data-id=\"786f994\" data-element_type=\"container\" data-settings=\"{&quot;jet_parallax_layout_list&quot;:[]}\">\n\t\t\t\t\t<div class=\"e-con-inner\">\n\t\t<div class=\"elementor-element elementor-element-f33c77e e-con-full e-flex e-con e-child\" data-id=\"f33c77e\" data-element_type=\"container\" data-settings=\"{&quot;jet_parallax_layout_list&quot;:[]}\">\n\t\t\t\t<div class=\"elementor-element elementor-element-661154d elementor-widget elementor-widget-image\" data-id=\"661154d\" data-element_type=\"widget\" data-widget_type=\"image.default\">\n\t\t\t\t<div class=\"elementor-widget-container\">\n\t\t\t\t\t\t\t\t\t\t\t\t\t\t\t<img fetchpriority=\"high\" decoding=\"async\" width=\"670\" height=\"840\" src=\"https:\/\/studiocar.es\/wp-content\/uploads\/2025\/01\/studiocar-car-ppf-proyecto-4.jpg\" class=\"attachment-full size-full wp-image-3932\" alt=\"\" srcset=\"https:\/\/studiocar.es\/wp-content\/uploads\/2025\/01\/studiocar-car-ppf-proyecto-4.jpg 670w, https:\/\/studiocar.es\/wp-content\/uploads\/2025\/01\/studiocar-car-ppf-proyecto-4-239x300.jpg 239w\" sizes=\"(max-width: 670px) 100vw, 670px\" \/>\t\t\t\t\t\t\t\t\t\t\t\t\t\t\t<\/div>\n\t\t\t\t<\/div>\n\t\t\t\t<\/div>\n\t\t<div class=\"elementor-element elementor-element-7be238d e-con-full e-flex e-con e-child\" data-id=\"7be238d\" data-element_type=\"container\" data-settings=\"{&quot;jet_parallax_layout_list&quot;:[]}\">\n\t\t\t\t<div class=\"elementor-element elementor-element-55b126b elementor-widget elementor-widget-google_maps\" data-id=\"55b126b\" data-element_type=\"widget\" data-widget_type=\"google_maps.default\">\n\t\t\t\t<div class=\"elementor-widget-container\">\n\t\t\t\t\t\t\t<div class=\"elementor-custom-embed\">\n\t\t\t<iframe loading=\"lazy\"\n\t\t\t\t\tsrc=\"https:\/\/maps.google.com\/maps?q=%20Rambla%20dels%20Pa%C3%AFsos%20Catalans%2018%20Nave%2011%20%28O888O%29%20Vilanova%20i%20la%20Geltr%C3%BA&#038;t=m&#038;z=14&#038;output=embed&#038;iwloc=near\"\n\t\t\t\t\ttitle=\" Rambla dels Pa\u00efsos Catalans 18 Nave 11 (O888O) Vilanova i la Geltr\u00fa\"\n\t\t\t\t\taria-label=\" Rambla dels Pa\u00efsos Catalans 18 Nave 11 (O888O) Vilanova i la Geltr\u00fa\"\n\t\t\t><\/iframe>\n\t\t<\/div>\n\t\t\t\t\t\t<\/div>\n\t\t\t\t<\/div>\n\t\t\t\t<\/div>\n\t\t\t\t\t<\/div>\n\t\t\t\t<\/div>\n\t\t\t\t<\/div>\n\t\t\t\t<\/div>\n\t\t\t\t<\/div>\n\t\t","protected":false},"excerpt":{"rendered":"<p>Studio Car Cont\u00e0ctans Visita StudioCar.es i D\u00f3na-li a Tu Coche la Cura que es Mereix No esperis m\u00e9s per transformar i protegir el teu cotxe de luxe o esportiu. Deixeu-vos un missatge amb les teves consultes o reserva una cita ara. Fes clic a &#8220;Com Arribar&#8221; per visitar-nos des de Barcelona i descobreix com StudioCar.es [&hellip;]<\/p>\n","protected":false},"author":2,"featured_media":0,"parent":0,"menu_order":0,"comment_status":"closed","ping_status":"closed","template":"","meta":{"footnotes":""},"class_list":["post-4469","page","type-page","status-publish","hentry"],"_links":{"self":[{"href":"https:\/\/studiocar.es\/ca\/wp-json\/wp\/v2\/pages\/4469","targetHints":{"allow":["GET"]}}],"collection":[{"href":"https:\/\/studiocar.es\/ca\/wp-json\/wp\/v2\/pages"}],"about":[{"href":"https:\/\/studiocar.es\/ca\/wp-json\/wp\/v2\/types\/page"}],"author":[{"embeddable":true,"href":"https:\/\/studiocar.es\/ca\/wp-json\/wp\/v2\/users\/2"}],"replies":[{"embeddable":true,"href":"https:\/\/studiocar.es\/ca\/wp-json\/wp\/v2\/comments?post=4469"}],"version-history":[{"count":5,"href":"https:\/\/studiocar.es\/ca\/wp-json\/wp\/v2\/pages\/4469\/revisions"}],"predecessor-version":[{"id":8003,"href":"https:\/\/studiocar.es\/ca\/wp-json\/wp\/v2\/pages\/4469\/revisions\/8003"}],"wp:attachment":[{"href":"https:\/\/studiocar.es\/ca\/wp-json\/wp\/v2\/media?parent=4469"}],"curies":[{"name":"wp","href":"https:\/\/api.w.org\/{rel}","templated":true}]}}