{"id":4475,"date":"2025-01-28T16:01:45","date_gmt":"2025-01-28T15:01:45","guid":{"rendered":"https:\/\/studiocar.es\/declaracio-d-accessabilitat\/"},"modified":"2025-04-01T00:15:09","modified_gmt":"2025-03-31T22:15:09","slug":"declaracio-d-accessabilitat","status":"publish","type":"page","link":"https:\/\/studiocar.es\/ca\/declaracio-d-accessabilitat\/","title":{"rendered":"Declaraci\u00f3 d&#8217; accessabilitat"},"content":{"rendered":"\t\t<div data-elementor-type=\"wp-page\" data-elementor-id=\"4475\" class=\"elementor elementor-4475 elementor-2458\" data-elementor-post-type=\"page\">\n\t\t\t\t<div class=\"elementor-element elementor-element-7e06233 e-flex e-con-boxed e-con e-parent\" data-id=\"7e06233\" data-element_type=\"container\" data-settings=\"{&quot;jet_parallax_layout_list&quot;:[]}\">\n\t\t\t\t\t<div class=\"e-con-inner\">\n\t\t\t\t<div class=\"elementor-element elementor-element-49c1faf elementor-widget elementor-widget-heading\" data-id=\"49c1faf\" data-element_type=\"widget\" data-widget_type=\"heading.default\">\n\t\t\t\t<div class=\"elementor-widget-container\">\n\t\t\t\t\t<h2 class=\"elementor-heading-title elementor-size-default\">Declaraci\u00f3 d' Accessibilitat de StudioCar<\/h2>\t\t\t\t<\/div>\n\t\t\t\t<\/div>\n\t\t\t\t<div class=\"elementor-element elementor-element-8ca3fb7 elementor-widget elementor-widget-text-editor\" data-id=\"8ca3fb7\" data-element_type=\"widget\" data-widget_type=\"text-editor.default\">\n\t\t\t\t<div class=\"elementor-widget-container\">\n\t\t\t\t\t\t\t\t\t<p>La present declaraci\u00f3 d&#8217; accessibilitat s&#8217; aplica al lloc web <a href=\"https:\/\/studiocar.es\" target=\"_new\" rel=\"noopener\">www.studiocar.es<\/a>.<\/p>\n<p><strong>Situaci\u00f3 de Compliment<\/strong><\/p>\n<p>Aquest lloc web \u00e9s totalment conforme amb el RD 1112\/2018 sobre accessibilitat dels llocs web i aplicacions m\u00f2bils del sector p\u00fablic.<\/p>\n<p><strong>Preparaci\u00f3 de la Declaraci\u00f3 d&#8217; Accessibilitat<\/strong><\/p>\n<p>Aquesta declaraci\u00f3 va ser preparada el [fecha] mitjan\u00e7ant una autoavaluaci\u00f3 realitzada per l&#8217;equip de StudioCar.<\/p>\n<p><strong>Observacions i Dades de Contacte<\/strong><\/p>\n<p>Per a consultes sobre requisits d&#8217; accessibilitat, com ara:<\/p>\n<ul>\n<li>Informar sobre qualsevol possible incompliment del lloc web.<\/li>\n<li>Notificar dificultats d&#8217; acc\u00e9s al contingut.<\/li>\n<li>Formular suggeriments de millora en l&#8217; accessibilitat.<\/li>\n<\/ul>\n<p>Pots contactar-nos a trav\u00e9s del formulari de contacte al lloc web o trucant al n\u00famero de tel\u00e8fon:<\/p>\n\t\t\t\t\t\t\t\t<\/div>\n\t\t\t\t<\/div>\n\t\t\t\t<div class=\"elementor-element elementor-element-1d9ab22 elementor-icon-list--layout-traditional elementor-list-item-link-full_width elementor-widget elementor-widget-icon-list\" data-id=\"1d9ab22\" data-element_type=\"widget\" data-widget_type=\"icon-list.default\">\n\t\t\t\t<div class=\"elementor-widget-container\">\n\t\t\t\t\t\t\t<ul class=\"elementor-icon-list-items\">\n\t\t\t\t\t\t\t<li class=\"elementor-icon-list-item\">\n\t\t\t\t\t\t\t\t\t\t\t<a href=\"https:\/\/api.whatsapp.com\/send?phone=34683416000\" target=\"_blank\" rel=\"noopener\">\n\n\t\t\t\t\t\t\t\t\t\t\t<span class=\"elementor-icon-list-text\">(+34)  683 416 000<\/span>\n\t\t\t\t\t\t\t\t\t\t\t<\/a>\n\t\t\t\t\t\t\t\t\t<\/li>\n\t\t\t\t\t\t<\/ul>\n\t\t\t\t\t\t<\/div>\n\t\t\t\t<\/div>\n\t\t\t\t<div class=\"elementor-element elementor-element-8de1540 elementor-widget elementor-widget-spacer\" data-id=\"8de1540\" data-element_type=\"widget\" data-widget_type=\"spacer.default\">\n\t\t\t\t<div class=\"elementor-widget-container\">\n\t\t\t\t\t\t\t<div class=\"elementor-spacer\">\n\t\t\t<div class=\"elementor-spacer-inner\"><\/div>\n\t\t<\/div>\n\t\t\t\t\t\t<\/div>\n\t\t\t\t<\/div>\n\t\t\t\t<div class=\"elementor-element elementor-element-4dc476e elementor-widget elementor-widget-text-editor\" data-id=\"4dc476e\" data-element_type=\"widget\" data-widget_type=\"text-editor.default\">\n\t\t\t\t<div class=\"elementor-widget-container\">\n\t\t\t\t\t\t\t\t\t<p>A m\u00e9s, pots:<\/p>\n<ul>\n<li>Presentar una queixa relacionada amb el compliment del RD 1112\/2018.<\/li>\n<li>Demanar informaci\u00f3 accessible sobre:\n<ul>\n<li>Continguts exclosos del RD 1112\/2018 conforme a l&#8217;article 3.4.<\/li>\n<li>Continguts exempts per suposar una c\u00e0rrega desproporcionada.<\/li>\n<\/ul>\n<\/li>\n<\/ul>\n<p>En la teva sol\u00b7licitud, indica clarament els motius i peticions per facilitar una avaluaci\u00f3 adequada.<\/p>\n<p><strong>Contingut Opcional<\/strong><\/p>\n<p>Aquest portal est\u00e0 dissenyat per permetre la personalitzaci\u00f3 de mida de text i colors mitjan\u00e7ant les opcions est\u00e0ndard dels navegadors. A continuaci\u00f3, es detallen els men\u00fas de configuraci\u00f3 en diferents navegadors: <\/p>\n<ul>\n<li><strong>Internet Explorer, Mozilla i Firefox<\/strong>: Veure &gt; Mida del text<\/li>\n<li><strong>Opera<\/strong>: Veure &gt; Zoom<\/li>\n<li><strong>Safari<\/strong>: Veure &gt; Fer el text m\u00e9s gran<\/li>\n<li><strong>Chrome<\/strong>: Controla la p\u00e0gina actual &gt; Mida del text<\/li>\n<\/ul>\n<p>Per ajustar la mida general de la p\u00e0gina:<\/p>\n<ul>\n<li>Augmentar: Ctrl + +<\/li>\n<li>Disminuir: Ctrl + &#8211;<\/li>\n<li>Restablir mida original: Ctrl + 0<\/li>\n<\/ul>\n\t\t\t\t\t\t\t\t<\/div>\n\t\t\t\t<\/div>\n\t\t\t\t\t<\/div>\n\t\t\t\t<\/div>\n\t\t\t\t<\/div>\n\t\t","protected":false},"excerpt":{"rendered":"<p>Declaraci\u00f3 d&#8217; Accessibilitat de StudioCar La present declaraci\u00f3 d&#8217; accessibilitat s&#8217; aplica al lloc web www.studiocar.es. Situaci\u00f3 de Compliment Aquest lloc web \u00e9s totalment conforme amb el RD 1112\/2018 sobre accessibilitat dels llocs web i aplicacions m\u00f2bils del sector p\u00fablic. Preparaci\u00f3 de la Declaraci\u00f3 d&#8217; Accessibilitat Aquesta declaraci\u00f3 va ser preparada el [fecha] mitjan\u00e7ant una [&hellip;]<\/p>\n","protected":false},"author":2,"featured_media":0,"parent":0,"menu_order":0,"comment_status":"closed","ping_status":"closed","template":"","meta":{"footnotes":""},"class_list":["post-4475","page","type-page","status-publish","hentry"],"_links":{"self":[{"href":"https:\/\/studiocar.es\/ca\/wp-json\/wp\/v2\/pages\/4475","targetHints":{"allow":["GET"]}}],"collection":[{"href":"https:\/\/studiocar.es\/ca\/wp-json\/wp\/v2\/pages"}],"about":[{"href":"https:\/\/studiocar.es\/ca\/wp-json\/wp\/v2\/types\/page"}],"author":[{"embeddable":true,"href":"https:\/\/studiocar.es\/ca\/wp-json\/wp\/v2\/users\/2"}],"replies":[{"embeddable":true,"href":"https:\/\/studiocar.es\/ca\/wp-json\/wp\/v2\/comments?post=4475"}],"version-history":[{"count":0,"href":"https:\/\/studiocar.es\/ca\/wp-json\/wp\/v2\/pages\/4475\/revisions"}],"wp:attachment":[{"href":"https:\/\/studiocar.es\/ca\/wp-json\/wp\/v2\/media?parent=4475"}],"curies":[{"name":"wp","href":"https:\/\/api.w.org\/{rel}","templated":true}]}}